{"id":16697,"date":"2024-11-28T15:58:47","date_gmt":"2024-11-28T14:58:47","guid":{"rendered":"https:\/\/kaa.ff.ukf.sk\/?page_id=16697"},"modified":"2024-11-28T15:58:43","modified_gmt":"2024-11-28T14:58:43","slug":"fostering-students-interdisciplinary-competence-through-the-action-oriented-approach-and-collaborative-online-international-learning","status":"publish","type":"page","link":"https:\/\/kaa.ff.ukf.sk\/en\/fostering-students-interdisciplinary-competence-through-the-action-oriented-approach-and-collaborative-online-international-learning\/","title":{"rendered":"Fostering Students\u2019 Interdisciplinary Competence through the Action-Oriented Approach and Collaborative Online International Learning"},"content":{"rendered":"<div style=\"margin-bottom: 50px;\">\n<p><span style=\"font-family: arial, helvetica, sans-serif; font-size: 18px; color: #808080;\">Project type<\/span><\/p>\n<p><strong><span style=\"font-family: arial, helvetica, sans-serif; font-size: 24px; color: #3d50cc;\">Erasmus+<\/span><\/strong><\/p>\n<p><span style=\"font-family: arial, helvetica, sans-serif; font-size: 18px; color: #808080;\">Project number<br \/>\n<\/span><\/p>\n<p><strong><span style=\"font-family: arial, helvetica, sans-serif; font-size: 24px; color: #3d50cc;\">2022-1-SK01-KA220-SCH-000085134<\/span><\/strong><\/p>\n<p><span style=\"font-family: arial, helvetica, sans-serif; font-size: 18px; color: #808080;\">Project duration<br \/>\n<\/span><\/p>\n<p><strong><span style=\"font-family: arial, helvetica, sans-serif; font-size: 24px; color: #3d50cc;\">2022-2025<\/span><\/strong><\/p>\n<p><span style=\"font-family: arial, helvetica, sans-serif; font-size: 18px; color: #808080;\">Anot\u00e1cia projektu<\/span><\/p>\n<p><span style=\"font-family: arial, helvetica, sans-serif; font-size: 18px;\">The project focuses on interdisciplinary education in the fields of art and culture, history, literature, and civic education. Its goal is to prepare high-quality educational materials that will be practically applicable in Slovak bilingual high schools, as well as in a broader international context. The project also emphasizes collaborative online learning (COIL), which will connect high school students with university students both in Slovakia and abroad.<\/span><\/p>\n<p><span style=\"font-family: arial, helvetica, sans-serif; font-size: 18px; color: #808080;\">Participant organisations<br \/>\n<\/span><\/p>\n<p><span style=\"font-family: arial, helvetica, sans-serif; font-size: 18px;\">1. University of West Bohemia, Plze\u0148, Czechia<br \/>\n<\/span><\/p>\n<p><span style=\"font-family: arial, helvetica, sans-serif; font-size: 18px;\">2. Teacher.sk, s.r.o. Nitra<\/span><\/p>\n<p><span style=\"font-family: arial, helvetica, sans-serif; font-size: 18px;\">3. Evangelical comprehensive school, Liptovsk\u00fd Mikul\u00e1\u0161<\/span><\/p>\n<p><span style=\"font-family: arial, helvetica, sans-serif; font-size: 18px;\">4. Andrej Kme\u0165 grammar school, Bansk\u00e1 \u0160tiavnica<\/span><\/p>\n<p><span style=\"font-family: arial, helvetica, sans-serif; font-size: 18px;\">5. Casimir Pulaski Radom University, Radom, Poland<\/span><\/p>\n<p><span style=\"font-family: arial, helvetica, sans-serif; font-size: 18px;\">6. Partium Christian University, Romania<\/span><\/p>\n<p><span style=\"font-family: arial, helvetica, sans-serif; font-size: 18px;\">7. Eszterh\u00e1zy K\u00e1roly Catholic University, Eger, Hungary<\/span><\/p>\n<p><span style=\"font-family: arial, helvetica, sans-serif; font-size: 18px;\">8. Grammar School, Myjava<br \/>\n<\/span><\/p>\n<p><span style=\"font-family: arial, helvetica, sans-serif; font-size: 18px;\">9. Grammar School Golianova, Nitra<\/span><\/p>\n<p><span style=\"font-family: arial, helvetica, sans-serif; font-size: 18px;\">10. University of Badji Mokhtar Annaba, Algeria<\/span><\/p>\n<p><a id=\"\" class=\"btn-01\" href=\"https:\/\/fostin.ukf.sk\/\" target=\"_blank\" rel=\"noopener\">Project webpage<\/a><\/p>\n<\/div>\n","protected":false},"excerpt":{"rendered":"<p>Project type Erasmus+ Project number 2022-1-SK01-KA220-SCH-000085134 Project duration 2022-2025 Anot\u00e1cia&#8230;<\/p>\n","protected":false},"author":8,"featured_media":0,"parent":0,"menu_order":0,"comment_status":"closed","ping_status":"closed","template":"","meta":{"_acf_changed":false,"footnotes":""},"class_list":["post-16697","page","type-page","status-publish","hentry"],"acf":[],"yoast_head":"<!-- This site is optimized with the Yoast SEO plugin v27.0 - https:\/\/yoast.com\/product\/yoast-seo-wordpress\/ -->\n<title>Fostering Students\u2019 Interdisciplinary Competence through the Action-Oriented Approach and Collaborative Online International Learning - Katedra anglistiky a amerikanistiky<\/title>\n<meta name=\"robots\" content=\"index, follow, max-snippet:-1, max-image-preview:large, max-video-preview:-1\" \/>\n<link rel=\"canonical\" href=\"https:\/\/kaa.ff.ukf.sk\/en\/fostering-students-interdisciplinary-competence-through-the-action-oriented-approach-and-collaborative-online-international-learning\/\" \/>\n<meta property=\"og:locale\" content=\"en_US\" \/>\n<meta property=\"og:type\" content=\"article\" \/>\n<meta property=\"og:title\" content=\"Fostering Students\u2019 Interdisciplinary Competence through the Action-Oriented Approach and Collaborative Online International Learning - Katedra anglistiky a amerikanistiky\" \/>\n<meta property=\"og:description\" content=\"Project type Erasmus+ Project number 2022-1-SK01-KA220-SCH-000085134 Project duration 2022-2025 Anot\u00e1cia...\" \/>\n<meta property=\"og:url\" content=\"https:\/\/kaa.ff.ukf.sk\/en\/fostering-students-interdisciplinary-competence-through-the-action-oriented-approach-and-collaborative-online-international-learning\/\" \/>\n<meta property=\"og:site_name\" content=\"Katedra anglistiky a amerikanistiky\" \/>\n<meta property=\"article:publisher\" content=\"https:\/\/www.facebook.com\/kaaukf\/\" \/>\n<meta name=\"twitter:card\" content=\"summary_large_image\" \/>\n<meta name=\"twitter:label1\" content=\"Est. reading time\" \/>\n\t<meta name=\"twitter:data1\" content=\"1 minute\" \/>\n<script type=\"application\/ld+json\" class=\"yoast-schema-graph\">{\"@context\":\"https:\/\/schema.org\",\"@graph\":[{\"@type\":\"WebPage\",\"@id\":\"https:\/\/kaa.ff.ukf.sk\/en\/fostering-students-interdisciplinary-competence-through-the-action-oriented-approach-and-collaborative-online-international-learning\/\",\"url\":\"https:\/\/kaa.ff.ukf.sk\/en\/fostering-students-interdisciplinary-competence-through-the-action-oriented-approach-and-collaborative-online-international-learning\/\",\"name\":\"Fostering Students\u2019 Interdisciplinary Competence through the Action-Oriented Approach and Collaborative Online International Learning - Katedra anglistiky a amerikanistiky\",\"isPartOf\":{\"@id\":\"https:\/\/kaa.ff.ukf.sk\/#website\"},\"datePublished\":\"2024-11-28T14:58:47+00:00\",\"breadcrumb\":{\"@id\":\"https:\/\/kaa.ff.ukf.sk\/en\/fostering-students-interdisciplinary-competence-through-the-action-oriented-approach-and-collaborative-online-international-learning\/#breadcrumb\"},\"inLanguage\":\"en-US\",\"potentialAction\":[{\"@type\":\"ReadAction\",\"target\":[\"https:\/\/kaa.ff.ukf.sk\/en\/fostering-students-interdisciplinary-competence-through-the-action-oriented-approach-and-collaborative-online-international-learning\/\"]}]},{\"@type\":\"BreadcrumbList\",\"@id\":\"https:\/\/kaa.ff.ukf.sk\/en\/fostering-students-interdisciplinary-competence-through-the-action-oriented-approach-and-collaborative-online-international-learning\/#breadcrumb\",\"itemListElement\":[{\"@type\":\"ListItem\",\"position\":1,\"name\":\"Home\",\"item\":\"https:\/\/kaa.ff.ukf.sk\/en\/\"},{\"@type\":\"ListItem\",\"position\":2,\"name\":\"Fostering Students\u2019 Interdisciplinary Competence through the Action-Oriented Approach and Collaborative Online International Learning\"}]},{\"@type\":\"WebSite\",\"@id\":\"https:\/\/kaa.ff.ukf.sk\/#website\",\"url\":\"https:\/\/kaa.ff.ukf.sk\/\",\"name\":\"Katedra anglistiky a amerikanistiky\",\"description\":\"Study the lingua franca!\",\"publisher\":{\"@id\":\"https:\/\/kaa.ff.ukf.sk\/#organization\"},\"potentialAction\":[{\"@type\":\"SearchAction\",\"target\":{\"@type\":\"EntryPoint\",\"urlTemplate\":\"https:\/\/kaa.ff.ukf.sk\/?s={search_term_string}\"},\"query-input\":{\"@type\":\"PropertyValueSpecification\",\"valueRequired\":true,\"valueName\":\"search_term_string\"}}],\"inLanguage\":\"en-US\"},{\"@type\":\"Organization\",\"@id\":\"https:\/\/kaa.ff.ukf.sk\/#organization\",\"name\":\"Katedra anglistiky a amerikanistiky\",\"url\":\"https:\/\/kaa.ff.ukf.sk\/\",\"logo\":{\"@type\":\"ImageObject\",\"inLanguage\":\"en-US\",\"@id\":\"https:\/\/kaa.ff.ukf.sk\/#\/schema\/logo\/image\/\",\"url\":\"https:\/\/kaa.ff.ukf.sk\/wp-content\/uploads\/2024\/02\/cropped-cropped-kaalogov1.png\",\"contentUrl\":\"https:\/\/kaa.ff.ukf.sk\/wp-content\/uploads\/2024\/02\/cropped-cropped-kaalogov1.png\",\"width\":512,\"height\":512,\"caption\":\"Katedra anglistiky a amerikanistiky\"},\"image\":{\"@id\":\"https:\/\/kaa.ff.ukf.sk\/#\/schema\/logo\/image\/\"},\"sameAs\":[\"https:\/\/www.facebook.com\/kaaukf\/\",\"https:\/\/www.instagram.com\/kaa_ukf\/\"]}]}<\/script>\n<!-- \/ Yoast SEO plugin. -->","yoast_head_json":{"title":"Fostering Students\u2019 Interdisciplinary Competence through the Action-Oriented Approach and Collaborative Online International Learning - Katedra anglistiky a amerikanistiky","robots":{"index":"index","follow":"follow","max-snippet":"max-snippet:-1","max-image-preview":"max-image-preview:large","max-video-preview":"max-video-preview:-1"},"canonical":"https:\/\/kaa.ff.ukf.sk\/en\/fostering-students-interdisciplinary-competence-through-the-action-oriented-approach-and-collaborative-online-international-learning\/","og_locale":"en_US","og_type":"article","og_title":"Fostering Students\u2019 Interdisciplinary Competence through the Action-Oriented Approach and Collaborative Online International Learning - Katedra anglistiky a amerikanistiky","og_description":"Project type Erasmus+ Project number 2022-1-SK01-KA220-SCH-000085134 Project duration 2022-2025 Anot\u00e1cia...","og_url":"https:\/\/kaa.ff.ukf.sk\/en\/fostering-students-interdisciplinary-competence-through-the-action-oriented-approach-and-collaborative-online-international-learning\/","og_site_name":"Katedra anglistiky a amerikanistiky","article_publisher":"https:\/\/www.facebook.com\/kaaukf\/","twitter_card":"summary_large_image","twitter_misc":{"Est. reading time":"1 minute"},"schema":{"@context":"https:\/\/schema.org","@graph":[{"@type":"WebPage","@id":"https:\/\/kaa.ff.ukf.sk\/en\/fostering-students-interdisciplinary-competence-through-the-action-oriented-approach-and-collaborative-online-international-learning\/","url":"https:\/\/kaa.ff.ukf.sk\/en\/fostering-students-interdisciplinary-competence-through-the-action-oriented-approach-and-collaborative-online-international-learning\/","name":"Fostering Students\u2019 Interdisciplinary Competence through the Action-Oriented Approach and Collaborative Online International Learning - Katedra anglistiky a amerikanistiky","isPartOf":{"@id":"https:\/\/kaa.ff.ukf.sk\/#website"},"datePublished":"2024-11-28T14:58:47+00:00","breadcrumb":{"@id":"https:\/\/kaa.ff.ukf.sk\/en\/fostering-students-interdisciplinary-competence-through-the-action-oriented-approach-and-collaborative-online-international-learning\/#breadcrumb"},"inLanguage":"en-US","potentialAction":[{"@type":"ReadAction","target":["https:\/\/kaa.ff.ukf.sk\/en\/fostering-students-interdisciplinary-competence-through-the-action-oriented-approach-and-collaborative-online-international-learning\/"]}]},{"@type":"BreadcrumbList","@id":"https:\/\/kaa.ff.ukf.sk\/en\/fostering-students-interdisciplinary-competence-through-the-action-oriented-approach-and-collaborative-online-international-learning\/#breadcrumb","itemListElement":[{"@type":"ListItem","position":1,"name":"Home","item":"https:\/\/kaa.ff.ukf.sk\/en\/"},{"@type":"ListItem","position":2,"name":"Fostering Students\u2019 Interdisciplinary Competence through the Action-Oriented Approach and Collaborative Online International Learning"}]},{"@type":"WebSite","@id":"https:\/\/kaa.ff.ukf.sk\/#website","url":"https:\/\/kaa.ff.ukf.sk\/","name":"Katedra anglistiky a amerikanistiky","description":"Study the lingua franca!","publisher":{"@id":"https:\/\/kaa.ff.ukf.sk\/#organization"},"potentialAction":[{"@type":"SearchAction","target":{"@type":"EntryPoint","urlTemplate":"https:\/\/kaa.ff.ukf.sk\/?s={search_term_string}"},"query-input":{"@type":"PropertyValueSpecification","valueRequired":true,"valueName":"search_term_string"}}],"inLanguage":"en-US"},{"@type":"Organization","@id":"https:\/\/kaa.ff.ukf.sk\/#organization","name":"Katedra anglistiky a amerikanistiky","url":"https:\/\/kaa.ff.ukf.sk\/","logo":{"@type":"ImageObject","inLanguage":"en-US","@id":"https:\/\/kaa.ff.ukf.sk\/#\/schema\/logo\/image\/","url":"https:\/\/kaa.ff.ukf.sk\/wp-content\/uploads\/2024\/02\/cropped-cropped-kaalogov1.png","contentUrl":"https:\/\/kaa.ff.ukf.sk\/wp-content\/uploads\/2024\/02\/cropped-cropped-kaalogov1.png","width":512,"height":512,"caption":"Katedra anglistiky a amerikanistiky"},"image":{"@id":"https:\/\/kaa.ff.ukf.sk\/#\/schema\/logo\/image\/"},"sameAs":["https:\/\/www.facebook.com\/kaaukf\/","https:\/\/www.instagram.com\/kaa_ukf\/"]}]}},"_links":{"self":[{"href":"https:\/\/kaa.ff.ukf.sk\/en\/wp-json\/wp\/v2\/pages\/16697","targetHints":{"allow":["GET"]}}],"collection":[{"href":"https:\/\/kaa.ff.ukf.sk\/en\/wp-json\/wp\/v2\/pages"}],"about":[{"href":"https:\/\/kaa.ff.ukf.sk\/en\/wp-json\/wp\/v2\/types\/page"}],"author":[{"embeddable":true,"href":"https:\/\/kaa.ff.ukf.sk\/en\/wp-json\/wp\/v2\/users\/8"}],"replies":[{"embeddable":true,"href":"https:\/\/kaa.ff.ukf.sk\/en\/wp-json\/wp\/v2\/comments?post=16697"}],"version-history":[{"count":1,"href":"https:\/\/kaa.ff.ukf.sk\/en\/wp-json\/wp\/v2\/pages\/16697\/revisions"}],"predecessor-version":[{"id":16698,"href":"https:\/\/kaa.ff.ukf.sk\/en\/wp-json\/wp\/v2\/pages\/16697\/revisions\/16698"}],"wp:attachment":[{"href":"https:\/\/kaa.ff.ukf.sk\/en\/wp-json\/wp\/v2\/media?parent=16697"}],"curies":[{"name":"wp","href":"https:\/\/api.w.org\/{rel}","templated":true}]}}