{"id":16643,"date":"2024-11-15T11:29:47","date_gmt":"2024-11-15T10:29:47","guid":{"rendered":"https:\/\/kaa.ff.ukf.sk\/?page_id=16643"},"modified":"2025-01-23T10:56:56","modified_gmt":"2025-01-23T09:56:56","slug":"speech-alignment-for-l2-communicative-competence","status":"publish","type":"page","link":"https:\/\/kaa.ff.ukf.sk\/en\/speech-alignment-for-l2-communicative-competence\/","title":{"rendered":"Speech alignment for L2 communicative competence"},"content":{"rendered":"<div style=\"margin-bottom: 50px;\">\n<p><span style=\"font-family: arial, helvetica, sans-serif; font-size: 18px; color: #808080;\">Project Type<\/span><strong><span style=\"font-family: arial, helvetica, sans-serif; font-size: 24px; color: #3d50cc;\">APVV<\/span><\/strong><\/p>\n<p><span style=\"font-family: arial, helvetica, sans-serif; font-size: 18px; color: #808080;\">Project Number<\/span><\/p>\n<p><strong><span style=\"font-family: arial, helvetica, sans-serif; font-size: 24px; color: #3d50cc;\">APVV-23-0223<\/span><\/strong><\/p>\n<p><span style=\"font-family: arial, helvetica, sans-serif; font-size: 18px; color: #808080;\">Project Duration<\/span><\/p>\n<p><strong><span style=\"font-family: arial, helvetica, sans-serif; font-size: 24px; color: #3d50cc;\">09\/2024-06\/2028<\/span><\/strong><\/p>\n<p><span style=\"font-family: arial, helvetica, sans-serif; font-size: 18px; color: #808080;\">Project Annotation<\/span><\/p>\n<p><span style=\"font-family: arial, helvetica, sans-serif; font-size: 18px;\">Spoken interactions taking place in English as a non-native (L2) language are becoming a prevalent mode of dialogue in many spheres of professional discourse. Previous studies show that alignment among interlocutors during L1 interactions, i.e. their tendency to adjust their speaking behaviour to the interlocutor, correlates with multiple positive social aspects linked to the success of the interaction, rapport and engagement of the speakers, or their mutual evaluations in trust, attractiveness, or competence. Yet, due to the inherently complex nature of alignment stemming from multiple, potentially inter-relating factors affecting alignment, our understanding of the cognitive mechanisms and potential applicability in a language learning environment is limited. The proposed research aims at improving our understanding of key factors affecting alignment, such as the effect of native (L1) vs. non-native (L2) language, the relationship between non-verbal (e.g. intonation, speech rate) and verbal (syntactic structure, lexical choices) aspects of spoken interactions, the degree of L2 proficiency of the interlocutors, or their emotional and social state. Knowledge gained from a better understanding of the relationships between these factors and interpersonal alignment strategies generates testable predictions and hypotheses for applied research in which intervention approaches facilitating alignment might be proposed and tested for their hypothesized positive effect on the communicative competence in L2 interactions in both educational and professional settings. We aim to gain this knowledge by 1) creating a spoken corpus of semi-spontaneous dialogues in both L1 and L2 with a novel design varying the factors mentioned above, and 2) subsequently analysing the alignment strategies and the effect of these factors on the alignment behaviour of the interlocutors in the corpus.<\/span><\/p>\n<p><span style=\"font-family: arial, helvetica, sans-serif; font-size: 18px; color: #808080;\">Research Team<\/span><br \/>\n<a href=\"https:\/\/kaa.ff.ukf.sk\/en\/pracovnici\/prof-stefan-benus-phd\/\"><strong><span style=\"font-family: arial, helvetica, sans-serif; font-size: 18px;\">prof. \u0160tefan Be\u0148u\u0161, PhD.<\/span><\/strong><\/a><span style=\"font-family: arial, helvetica, sans-serif; font-size: 18px;\"> (principal investigator<\/span>)<\/p>\n<p><span style=\"font-family: arial, helvetica, sans-serif; font-size: 18px;\"><a href=\"https:\/\/www.kpsp.pf.ukf.sk\/index.php?option=com_content&amp;view=article&amp;id=89&amp;catid=12&amp;Itemid=353\">doc. PhDr. Viktor Gatial, PhD.<\/a><\/span><\/p>\n<p><span style=\"font-family: arial, helvetica, sans-serif; font-size: 18px;\"><a href=\"https:\/\/kaa.ff.ukf.sk\/pracovnici\/mgr-erik-gyorgy-phd\/\">Mgr. Erik Gy\u00f6rgy, PhD.<\/a><\/span><\/p>\n<p><span style=\"font-family: arial, helvetica, sans-serif; font-size: 18px;\"><a href=\"https:\/\/kaa.ff.ukf.sk\/pracovnici\/doc-phdr-maria-hrickova-phd\/\">doc. PhDr. M\u00e1ria Hrickov\u00e1, PhD.<\/a><\/span><\/p>\n<p><span style=\"font-family: arial, helvetica, sans-serif; font-size: 18px;\"><a href=\"https:\/\/kaa.ff.ukf.sk\/pracovnici\/mgr-martin-kazimir-phd-2\/\">Mgr. Martin Ka\u017eim\u00edr, PhD.<\/a><\/span><\/p>\n<p><span style=\"font-family: arial, helvetica, sans-serif; font-size: 18px;\"><a href=\"https:\/\/kaa.ff.ukf.sk\/pracovnici\/mgr-zuzana-kozacikova-phd\/\">Mgr. Zuzana Koz\u00e1\u010dikov\u00e1, PhD.<\/a><\/span><\/p>\n<p><span style=\"font-family: arial, helvetica, sans-serif; font-size: 18px;\"><a href=\"https:\/\/kaa.ff.ukf.sk\/pracovnici\/mgr-lucia-marekova\/\">Mgr. Lucia Marekov\u00e1, PhD.<\/a><\/span><\/p>\n<p><span style=\"font-family: arial, helvetica, sans-serif; font-size: 18px;\"><a href=\"https:\/\/www.sav.sk\/?lang=en&amp;doc=user-org-user&amp;user_no=5578\">Mgr. R\u00f3bert Sabo, PhD.<\/a><\/span><\/p>\n<p><span style=\"font-family: arial, helvetica, sans-serif; font-size: 18px;\"><a href=\"https:\/\/www.sav.sk\/?lang=sk&amp;doc=user-org-user&amp;user_no=3090\">Ing. Mari\u00e1n Trnka<\/a><\/span><\/p>\n<p><span style=\"font-family: arial, helvetica, sans-serif; font-size: 18px;\"><a href=\"https:\/\/kaa.ff.ukf.sk\/pracovnici\/mgr-erik-vrab\/\">Mgr. Erik Vr\u00e1b<\/a><\/span><\/p>\n<\/div>\n","protected":false},"excerpt":{"rendered":"<p>Project TypeAPVV Project Number APVV-23-0223 Project Duration 09\/2024-06\/2028 Project Annotation&#8230;<\/p>\n","protected":false},"author":8,"featured_media":0,"parent":0,"menu_order":0,"comment_status":"closed","ping_status":"closed","template":"","meta":{"_acf_changed":false,"footnotes":""},"class_list":["post-16643","page","type-page","status-publish","hentry"],"acf":[],"yoast_head":"<!-- This site is optimized with the Yoast SEO plugin v27.0 - https:\/\/yoast.com\/product\/yoast-seo-wordpress\/ -->\n<title>Speech alignment for L2 communicative competence - Katedra anglistiky a amerikanistiky<\/title>\n<meta name=\"robots\" content=\"index, follow, max-snippet:-1, max-image-preview:large, max-video-preview:-1\" \/>\n<link rel=\"canonical\" href=\"https:\/\/kaa.ff.ukf.sk\/en\/speech-alignment-for-l2-communicative-competence\/\" \/>\n<meta property=\"og:locale\" content=\"en_US\" \/>\n<meta property=\"og:type\" content=\"article\" \/>\n<meta property=\"og:title\" content=\"Speech alignment for L2 communicative competence - Katedra anglistiky a amerikanistiky\" \/>\n<meta property=\"og:description\" content=\"Project TypeAPVV Project Number APVV-23-0223 Project Duration 09\/2024-06\/2028 Project Annotation...\" \/>\n<meta property=\"og:url\" content=\"https:\/\/kaa.ff.ukf.sk\/en\/speech-alignment-for-l2-communicative-competence\/\" \/>\n<meta property=\"og:site_name\" content=\"Katedra anglistiky a amerikanistiky\" \/>\n<meta property=\"article:publisher\" content=\"https:\/\/www.facebook.com\/kaaukf\/\" \/>\n<meta property=\"article:modified_time\" content=\"2025-01-23T09:56:56+00:00\" \/>\n<meta name=\"twitter:card\" content=\"summary_large_image\" \/>\n<meta name=\"twitter:label1\" content=\"Est. reading time\" \/>\n\t<meta name=\"twitter:data1\" content=\"2 minutes\" \/>\n<script type=\"application\/ld+json\" class=\"yoast-schema-graph\">{\"@context\":\"https:\/\/schema.org\",\"@graph\":[{\"@type\":\"WebPage\",\"@id\":\"https:\/\/kaa.ff.ukf.sk\/en\/speech-alignment-for-l2-communicative-competence\/\",\"url\":\"https:\/\/kaa.ff.ukf.sk\/en\/speech-alignment-for-l2-communicative-competence\/\",\"name\":\"Speech alignment for L2 communicative competence - Katedra anglistiky a amerikanistiky\",\"isPartOf\":{\"@id\":\"https:\/\/kaa.ff.ukf.sk\/#website\"},\"datePublished\":\"2024-11-15T10:29:47+00:00\",\"dateModified\":\"2025-01-23T09:56:56+00:00\",\"breadcrumb\":{\"@id\":\"https:\/\/kaa.ff.ukf.sk\/en\/speech-alignment-for-l2-communicative-competence\/#breadcrumb\"},\"inLanguage\":\"en-US\",\"potentialAction\":[{\"@type\":\"ReadAction\",\"target\":[\"https:\/\/kaa.ff.ukf.sk\/en\/speech-alignment-for-l2-communicative-competence\/\"]}]},{\"@type\":\"BreadcrumbList\",\"@id\":\"https:\/\/kaa.ff.ukf.sk\/en\/speech-alignment-for-l2-communicative-competence\/#breadcrumb\",\"itemListElement\":[{\"@type\":\"ListItem\",\"position\":1,\"name\":\"Home\",\"item\":\"https:\/\/kaa.ff.ukf.sk\/en\/\"},{\"@type\":\"ListItem\",\"position\":2,\"name\":\"Speech alignment for L2 communicative competence\"}]},{\"@type\":\"WebSite\",\"@id\":\"https:\/\/kaa.ff.ukf.sk\/#website\",\"url\":\"https:\/\/kaa.ff.ukf.sk\/\",\"name\":\"Katedra anglistiky a amerikanistiky\",\"description\":\"Study the lingua franca!\",\"publisher\":{\"@id\":\"https:\/\/kaa.ff.ukf.sk\/#organization\"},\"potentialAction\":[{\"@type\":\"SearchAction\",\"target\":{\"@type\":\"EntryPoint\",\"urlTemplate\":\"https:\/\/kaa.ff.ukf.sk\/?s={search_term_string}\"},\"query-input\":{\"@type\":\"PropertyValueSpecification\",\"valueRequired\":true,\"valueName\":\"search_term_string\"}}],\"inLanguage\":\"en-US\"},{\"@type\":\"Organization\",\"@id\":\"https:\/\/kaa.ff.ukf.sk\/#organization\",\"name\":\"Katedra anglistiky a amerikanistiky\",\"url\":\"https:\/\/kaa.ff.ukf.sk\/\",\"logo\":{\"@type\":\"ImageObject\",\"inLanguage\":\"en-US\",\"@id\":\"https:\/\/kaa.ff.ukf.sk\/#\/schema\/logo\/image\/\",\"url\":\"https:\/\/kaa.ff.ukf.sk\/wp-content\/uploads\/2024\/02\/cropped-cropped-kaalogov1.png\",\"contentUrl\":\"https:\/\/kaa.ff.ukf.sk\/wp-content\/uploads\/2024\/02\/cropped-cropped-kaalogov1.png\",\"width\":512,\"height\":512,\"caption\":\"Katedra anglistiky a amerikanistiky\"},\"image\":{\"@id\":\"https:\/\/kaa.ff.ukf.sk\/#\/schema\/logo\/image\/\"},\"sameAs\":[\"https:\/\/www.facebook.com\/kaaukf\/\",\"https:\/\/www.instagram.com\/kaa_ukf\/\"]}]}<\/script>\n<!-- \/ Yoast SEO plugin. -->","yoast_head_json":{"title":"Speech alignment for L2 communicative competence - Katedra anglistiky a amerikanistiky","robots":{"index":"index","follow":"follow","max-snippet":"max-snippet:-1","max-image-preview":"max-image-preview:large","max-video-preview":"max-video-preview:-1"},"canonical":"https:\/\/kaa.ff.ukf.sk\/en\/speech-alignment-for-l2-communicative-competence\/","og_locale":"en_US","og_type":"article","og_title":"Speech alignment for L2 communicative competence - Katedra anglistiky a amerikanistiky","og_description":"Project TypeAPVV Project Number APVV-23-0223 Project Duration 09\/2024-06\/2028 Project Annotation...","og_url":"https:\/\/kaa.ff.ukf.sk\/en\/speech-alignment-for-l2-communicative-competence\/","og_site_name":"Katedra anglistiky a amerikanistiky","article_publisher":"https:\/\/www.facebook.com\/kaaukf\/","article_modified_time":"2025-01-23T09:56:56+00:00","twitter_card":"summary_large_image","twitter_misc":{"Est. reading time":"2 minutes"},"schema":{"@context":"https:\/\/schema.org","@graph":[{"@type":"WebPage","@id":"https:\/\/kaa.ff.ukf.sk\/en\/speech-alignment-for-l2-communicative-competence\/","url":"https:\/\/kaa.ff.ukf.sk\/en\/speech-alignment-for-l2-communicative-competence\/","name":"Speech alignment for L2 communicative competence - Katedra anglistiky a amerikanistiky","isPartOf":{"@id":"https:\/\/kaa.ff.ukf.sk\/#website"},"datePublished":"2024-11-15T10:29:47+00:00","dateModified":"2025-01-23T09:56:56+00:00","breadcrumb":{"@id":"https:\/\/kaa.ff.ukf.sk\/en\/speech-alignment-for-l2-communicative-competence\/#breadcrumb"},"inLanguage":"en-US","potentialAction":[{"@type":"ReadAction","target":["https:\/\/kaa.ff.ukf.sk\/en\/speech-alignment-for-l2-communicative-competence\/"]}]},{"@type":"BreadcrumbList","@id":"https:\/\/kaa.ff.ukf.sk\/en\/speech-alignment-for-l2-communicative-competence\/#breadcrumb","itemListElement":[{"@type":"ListItem","position":1,"name":"Home","item":"https:\/\/kaa.ff.ukf.sk\/en\/"},{"@type":"ListItem","position":2,"name":"Speech alignment for L2 communicative competence"}]},{"@type":"WebSite","@id":"https:\/\/kaa.ff.ukf.sk\/#website","url":"https:\/\/kaa.ff.ukf.sk\/","name":"Katedra anglistiky a amerikanistiky","description":"Study the lingua franca!","publisher":{"@id":"https:\/\/kaa.ff.ukf.sk\/#organization"},"potentialAction":[{"@type":"SearchAction","target":{"@type":"EntryPoint","urlTemplate":"https:\/\/kaa.ff.ukf.sk\/?s={search_term_string}"},"query-input":{"@type":"PropertyValueSpecification","valueRequired":true,"valueName":"search_term_string"}}],"inLanguage":"en-US"},{"@type":"Organization","@id":"https:\/\/kaa.ff.ukf.sk\/#organization","name":"Katedra anglistiky a amerikanistiky","url":"https:\/\/kaa.ff.ukf.sk\/","logo":{"@type":"ImageObject","inLanguage":"en-US","@id":"https:\/\/kaa.ff.ukf.sk\/#\/schema\/logo\/image\/","url":"https:\/\/kaa.ff.ukf.sk\/wp-content\/uploads\/2024\/02\/cropped-cropped-kaalogov1.png","contentUrl":"https:\/\/kaa.ff.ukf.sk\/wp-content\/uploads\/2024\/02\/cropped-cropped-kaalogov1.png","width":512,"height":512,"caption":"Katedra anglistiky a amerikanistiky"},"image":{"@id":"https:\/\/kaa.ff.ukf.sk\/#\/schema\/logo\/image\/"},"sameAs":["https:\/\/www.facebook.com\/kaaukf\/","https:\/\/www.instagram.com\/kaa_ukf\/"]}]}},"_links":{"self":[{"href":"https:\/\/kaa.ff.ukf.sk\/en\/wp-json\/wp\/v2\/pages\/16643","targetHints":{"allow":["GET"]}}],"collection":[{"href":"https:\/\/kaa.ff.ukf.sk\/en\/wp-json\/wp\/v2\/pages"}],"about":[{"href":"https:\/\/kaa.ff.ukf.sk\/en\/wp-json\/wp\/v2\/types\/page"}],"author":[{"embeddable":true,"href":"https:\/\/kaa.ff.ukf.sk\/en\/wp-json\/wp\/v2\/users\/8"}],"replies":[{"embeddable":true,"href":"https:\/\/kaa.ff.ukf.sk\/en\/wp-json\/wp\/v2\/comments?post=16643"}],"version-history":[{"count":3,"href":"https:\/\/kaa.ff.ukf.sk\/en\/wp-json\/wp\/v2\/pages\/16643\/revisions"}],"predecessor-version":[{"id":16739,"href":"https:\/\/kaa.ff.ukf.sk\/en\/wp-json\/wp\/v2\/pages\/16643\/revisions\/16739"}],"wp:attachment":[{"href":"https:\/\/kaa.ff.ukf.sk\/en\/wp-json\/wp\/v2\/media?parent=16643"}],"curies":[{"name":"wp","href":"https:\/\/api.w.org\/{rel}","templated":true}]}}