{"id":16119,"date":"2020-01-11T06:27:23","date_gmt":"2020-01-11T05:27:23","guid":{"rendered":"https:\/\/kaa.ff.ukf.sk\/international-cooperation\/"},"modified":"2024-02-20T15:51:41","modified_gmt":"2024-02-20T14:51:41","slug":"international-cooperation","status":"publish","type":"page","link":"https:\/\/kaa.ff.ukf.sk\/en\/international-cooperation\/","title":{"rendered":"International cooperation"},"content":{"rendered":"<p>&nbsp;<\/p>\r\n\r\n<h3 class=\"wp-block-heading\" style=\"text-align: left;\"><span style=\"font-size: 16px;\">LIST OF UNIVERSITIES THE DEPARTMENT OF ENGLISH AND AMERICAN STUDIES COOPERATES WITH AS A PART OF ERASMUS+ PROGRAMME<\/span><\/h3>\r\n<p>&nbsp;<\/p>\r\n\r\n\r\n\r\n<table class=\" aligncenter\" style=\"height: 435px; width: 55.3306%; border-collapse: collapse;\" cellpadding=\"6px\">\r\n<tbody>\r\n<tr style=\"border-style: hidden;\">\r\n<td style=\"width: 85.5057%; text-align: left; height: 24px;\"><span style=\"font-size: 16px;\"><a href=\"https:\/\/www.ipp.pt\/?set_language=en\">INSTITUTO POLITECNICO DO PORTO<\/a><\/span><\/td>\r\n<td style=\"width: 4.86202%; text-align: center; height: 24px;\"><span style=\"font-size: 16px;\">PT<\/span><\/td>\r\n<\/tr>\r\n<tr style=\"border-style: hidden;\">\r\n<td style=\"width: 85.5057%; text-align: left; height: 24px;\"><span style=\"font-size: 16px;\"><a href=\"https:\/\/uniwersytetradom.pl\/?lang=en\">POLITECHNIKA RADOMSKA IM. KAZIMIERZA PU\u0141ASKIEGO W RADOMIU<\/a><\/span><\/td>\r\n<td style=\"width: 4.86202%; text-align: center; height: 24px;\"><span style=\"font-size: 16px;\">PL<\/span><\/td>\r\n<\/tr>\r\n<tr style=\"border-style: hidden;\">\r\n<td style=\"width: 85.5057%; text-align: left; height: 24px;\"><span style=\"font-size: 16px;\"><a href=\"https:\/\/www.unizd.hr\/eng\/\">SVEU\u010cILI\u0160TE U ZADRU<\/a><\/span><\/td>\r\n<td style=\"width: 4.86202%; text-align: center; height: 24px;\"><span style=\"font-size: 16px;\">HR<\/span><\/td>\r\n<\/tr>\r\n<tr style=\"border-style: hidden;\">\r\n<td style=\"width: 85.5057%; text-align: left; height: 24px;\"><span style=\"font-size: 16px;\"><a href=\"https:\/\/www.tu-chemnitz.de\/index.html.en\">TECHNISCHE UNIVERSITAET CHEMNITZ<\/a><\/span><\/td>\r\n<td style=\"width: 4.86202%; text-align: center; height: 24px;\"><span style=\"font-size: 16px;\">DE<\/span><\/td>\r\n<\/tr>\r\n<tr style=\"border-style: hidden;\">\r\n<td style=\"width: 85.5057%; text-align: left; height: 24px;\"><span style=\"font-size: 16px;\"><a href=\"https:\/\/www.uma.pt\/en\/\">UNIVERSIDADE DA MADEIRA<\/a><\/span><\/td>\r\n<td style=\"width: 4.86202%; text-align: center; height: 24px;\"><span style=\"font-size: 16px;\">PT<\/span><\/td>\r\n<\/tr>\r\n<tr style=\"border-style: hidden;\">\r\n<td style=\"width: 85.5057%; text-align: left; height: 24px;\"><span style=\"font-size: 16px;\"><a href=\"https:\/\/www.uib.eu\/\">UNIVERSITAT DE LES ILLES BALEARS<\/a><\/span><\/td>\r\n<td style=\"width: 4.86202%; text-align: center; height: 24px;\"><span style=\"font-size: 16px;\">ES<\/span><\/td>\r\n<\/tr>\r\n<tr style=\"border-style: hidden;\">\r\n<td style=\"width: 85.5057%; text-align: left; height: 24px;\"><span style=\"font-size: 16px;\"><a href=\"http:\/\/www.upt.ro\/Universitatea-Politehnica-Timisoara_en.html\">UNIVERSITATEA &#8220;POLITEHNICA&#8221; DIN TIMI\u0218OARA<\/a><\/span><\/td>\r\n<td style=\"width: 4.86202%; text-align: center; height: 24px;\"><span style=\"font-size: 16px;\">RO<\/span><\/td>\r\n<\/tr>\r\n<tr style=\"border-style: hidden;\">\r\n<td style=\"width: 85.5057%; text-align: left; height: 24px;\"><span style=\"font-size: 16px;\"><a href=\"https:\/\/www.uha.fr\/en\/index.html\">UNIVERSITE DE HAUTE-ALSACE<\/a><\/span><\/td>\r\n<td style=\"width: 4.86202%; text-align: center; height: 24px;\"><span style=\"font-size: 16px;\">FR<\/span><\/td>\r\n<\/tr>\r\n<tr style=\"border-style: hidden;\">\r\n<td style=\"width: 85.5057%; text-align: left; height: 24px;\"><span style=\"font-size: 16px;\"><a href=\"https:\/\/cuni.cz\/UKEN-1.html\">UNIVERZITA KARLOVA V PRAZE<\/a><\/span><\/td>\r\n<td style=\"width: 4.86202%; text-align: center; height: 24px;\"><span style=\"font-size: 16px;\">CZ<\/span><\/td>\r\n<\/tr>\r\n<tr style=\"border-style: hidden;\">\r\n<td style=\"width: 85.5057%; text-align: left; height: 24px;\"><span style=\"font-size: 16px;\"><a href=\"https:\/\/www.uni.lodz.pl\/en\/\">UNIWERSYTET \u0141\u00d3DZKI<\/a><\/span><\/td>\r\n<td style=\"width: 4.86202%; text-align: center; height: 24px;\"><span style=\"font-size: 16px;\">PL<\/span><\/td>\r\n<\/tr>\r\n<tr style=\"border-style: hidden;\">\r\n<td style=\"width: 85.5057%; text-align: left; height: 24px;\"><span style=\"font-size: 16px;\"><a href=\"https:\/\/www.uni.opole.pl\/en\">UNIWERSYTET OPOLSKI<\/a><\/span><\/td>\r\n<td style=\"width: 4.86202%; text-align: center; height: 24px;\"><span style=\"font-size: 16px;\">PL<\/span><\/td>\r\n<\/tr>\r\n<tr style=\"border-style: hidden;\">\r\n<td style=\"width: 85.5057%; text-align: left; height: 24px;\"><span style=\"font-size: 16px;\"><a href=\"https:\/\/www.gelisim.edu.tr\/en\/gelisim-homepage\">\u0130STANBUL GEL\u0130\u015e\u0130M \u00dcN\u0130VERS\u0130TES\u0130<\/a><\/span><\/td>\r\n<td style=\"width: 4.86202%; text-align: center; height: 24px;\"><span style=\"font-size: 16px;\">TR<\/span><\/td>\r\n<\/tr>\r\n<\/tbody>\r\n<\/table>\r\n<p>&nbsp;<\/p>\r\n\r\n\r\n\r\n<p>&nbsp;<\/p>","protected":false},"excerpt":{"rendered":"<p>&nbsp; LIST OF UNIVERSITIES THE DEPARTMENT OF ENGLISH AND AMERICAN&#8230;<\/p>\n","protected":false},"author":8,"featured_media":0,"parent":0,"menu_order":0,"comment_status":"closed","ping_status":"closed","template":"","meta":{"_acf_changed":false,"footnotes":""},"class_list":["post-16119","page","type-page","status-publish","hentry"],"acf":[],"yoast_head":"<!-- This site is optimized with the Yoast SEO plugin v27.0 - https:\/\/yoast.com\/product\/yoast-seo-wordpress\/ -->\n<title>International cooperation - Katedra anglistiky a amerikanistiky<\/title>\n<meta name=\"robots\" content=\"index, follow, max-snippet:-1, max-image-preview:large, max-video-preview:-1\" \/>\n<link rel=\"canonical\" href=\"https:\/\/kaa.ff.ukf.sk\/en\/international-cooperation\/\" \/>\n<meta property=\"og:locale\" content=\"en_US\" \/>\n<meta property=\"og:type\" content=\"article\" \/>\n<meta property=\"og:title\" content=\"International cooperation - Katedra anglistiky a amerikanistiky\" \/>\n<meta property=\"og:description\" content=\"&nbsp; LIST OF UNIVERSITIES THE DEPARTMENT OF ENGLISH AND AMERICAN...\" \/>\n<meta property=\"og:url\" content=\"https:\/\/kaa.ff.ukf.sk\/en\/international-cooperation\/\" \/>\n<meta property=\"og:site_name\" content=\"Katedra anglistiky a amerikanistiky\" \/>\n<meta property=\"article:publisher\" content=\"https:\/\/www.facebook.com\/kaaukf\/\" \/>\n<meta property=\"article:modified_time\" content=\"2024-02-20T14:51:41+00:00\" \/>\n<meta name=\"twitter:card\" content=\"summary_large_image\" \/>\n<meta name=\"twitter:label1\" content=\"Est. reading time\" \/>\n\t<meta name=\"twitter:data1\" content=\"1 minute\" \/>\n<script type=\"application\/ld+json\" class=\"yoast-schema-graph\">{\"@context\":\"https:\/\/schema.org\",\"@graph\":[{\"@type\":\"WebPage\",\"@id\":\"https:\/\/kaa.ff.ukf.sk\/en\/international-cooperation\/\",\"url\":\"https:\/\/kaa.ff.ukf.sk\/en\/international-cooperation\/\",\"name\":\"International cooperation - Katedra anglistiky a amerikanistiky\",\"isPartOf\":{\"@id\":\"https:\/\/kaa.ff.ukf.sk\/#website\"},\"datePublished\":\"2020-01-11T05:27:23+00:00\",\"dateModified\":\"2024-02-20T14:51:41+00:00\",\"breadcrumb\":{\"@id\":\"https:\/\/kaa.ff.ukf.sk\/en\/international-cooperation\/#breadcrumb\"},\"inLanguage\":\"en-US\",\"potentialAction\":[{\"@type\":\"ReadAction\",\"target\":[\"https:\/\/kaa.ff.ukf.sk\/en\/international-cooperation\/\"]}]},{\"@type\":\"BreadcrumbList\",\"@id\":\"https:\/\/kaa.ff.ukf.sk\/en\/international-cooperation\/#breadcrumb\",\"itemListElement\":[{\"@type\":\"ListItem\",\"position\":1,\"name\":\"Home\",\"item\":\"https:\/\/kaa.ff.ukf.sk\/en\/\"},{\"@type\":\"ListItem\",\"position\":2,\"name\":\"International cooperation\"}]},{\"@type\":\"WebSite\",\"@id\":\"https:\/\/kaa.ff.ukf.sk\/#website\",\"url\":\"https:\/\/kaa.ff.ukf.sk\/\",\"name\":\"Katedra anglistiky a amerikanistiky\",\"description\":\"Study the lingua franca!\",\"publisher\":{\"@id\":\"https:\/\/kaa.ff.ukf.sk\/#organization\"},\"potentialAction\":[{\"@type\":\"SearchAction\",\"target\":{\"@type\":\"EntryPoint\",\"urlTemplate\":\"https:\/\/kaa.ff.ukf.sk\/?s={search_term_string}\"},\"query-input\":{\"@type\":\"PropertyValueSpecification\",\"valueRequired\":true,\"valueName\":\"search_term_string\"}}],\"inLanguage\":\"en-US\"},{\"@type\":\"Organization\",\"@id\":\"https:\/\/kaa.ff.ukf.sk\/#organization\",\"name\":\"Katedra anglistiky a amerikanistiky\",\"url\":\"https:\/\/kaa.ff.ukf.sk\/\",\"logo\":{\"@type\":\"ImageObject\",\"inLanguage\":\"en-US\",\"@id\":\"https:\/\/kaa.ff.ukf.sk\/#\/schema\/logo\/image\/\",\"url\":\"https:\/\/kaa.ff.ukf.sk\/wp-content\/uploads\/2024\/02\/cropped-cropped-kaalogov1.png\",\"contentUrl\":\"https:\/\/kaa.ff.ukf.sk\/wp-content\/uploads\/2024\/02\/cropped-cropped-kaalogov1.png\",\"width\":512,\"height\":512,\"caption\":\"Katedra anglistiky a amerikanistiky\"},\"image\":{\"@id\":\"https:\/\/kaa.ff.ukf.sk\/#\/schema\/logo\/image\/\"},\"sameAs\":[\"https:\/\/www.facebook.com\/kaaukf\/\",\"https:\/\/www.instagram.com\/kaa_ukf\/\"]}]}<\/script>\n<!-- \/ Yoast SEO plugin. -->","yoast_head_json":{"title":"International cooperation - Katedra anglistiky a amerikanistiky","robots":{"index":"index","follow":"follow","max-snippet":"max-snippet:-1","max-image-preview":"max-image-preview:large","max-video-preview":"max-video-preview:-1"},"canonical":"https:\/\/kaa.ff.ukf.sk\/en\/international-cooperation\/","og_locale":"en_US","og_type":"article","og_title":"International cooperation - Katedra anglistiky a amerikanistiky","og_description":"&nbsp; LIST OF UNIVERSITIES THE DEPARTMENT OF ENGLISH AND AMERICAN...","og_url":"https:\/\/kaa.ff.ukf.sk\/en\/international-cooperation\/","og_site_name":"Katedra anglistiky a amerikanistiky","article_publisher":"https:\/\/www.facebook.com\/kaaukf\/","article_modified_time":"2024-02-20T14:51:41+00:00","twitter_card":"summary_large_image","twitter_misc":{"Est. reading time":"1 minute"},"schema":{"@context":"https:\/\/schema.org","@graph":[{"@type":"WebPage","@id":"https:\/\/kaa.ff.ukf.sk\/en\/international-cooperation\/","url":"https:\/\/kaa.ff.ukf.sk\/en\/international-cooperation\/","name":"International cooperation - Katedra anglistiky a amerikanistiky","isPartOf":{"@id":"https:\/\/kaa.ff.ukf.sk\/#website"},"datePublished":"2020-01-11T05:27:23+00:00","dateModified":"2024-02-20T14:51:41+00:00","breadcrumb":{"@id":"https:\/\/kaa.ff.ukf.sk\/en\/international-cooperation\/#breadcrumb"},"inLanguage":"en-US","potentialAction":[{"@type":"ReadAction","target":["https:\/\/kaa.ff.ukf.sk\/en\/international-cooperation\/"]}]},{"@type":"BreadcrumbList","@id":"https:\/\/kaa.ff.ukf.sk\/en\/international-cooperation\/#breadcrumb","itemListElement":[{"@type":"ListItem","position":1,"name":"Home","item":"https:\/\/kaa.ff.ukf.sk\/en\/"},{"@type":"ListItem","position":2,"name":"International cooperation"}]},{"@type":"WebSite","@id":"https:\/\/kaa.ff.ukf.sk\/#website","url":"https:\/\/kaa.ff.ukf.sk\/","name":"Katedra anglistiky a amerikanistiky","description":"Study the lingua franca!","publisher":{"@id":"https:\/\/kaa.ff.ukf.sk\/#organization"},"potentialAction":[{"@type":"SearchAction","target":{"@type":"EntryPoint","urlTemplate":"https:\/\/kaa.ff.ukf.sk\/?s={search_term_string}"},"query-input":{"@type":"PropertyValueSpecification","valueRequired":true,"valueName":"search_term_string"}}],"inLanguage":"en-US"},{"@type":"Organization","@id":"https:\/\/kaa.ff.ukf.sk\/#organization","name":"Katedra anglistiky a amerikanistiky","url":"https:\/\/kaa.ff.ukf.sk\/","logo":{"@type":"ImageObject","inLanguage":"en-US","@id":"https:\/\/kaa.ff.ukf.sk\/#\/schema\/logo\/image\/","url":"https:\/\/kaa.ff.ukf.sk\/wp-content\/uploads\/2024\/02\/cropped-cropped-kaalogov1.png","contentUrl":"https:\/\/kaa.ff.ukf.sk\/wp-content\/uploads\/2024\/02\/cropped-cropped-kaalogov1.png","width":512,"height":512,"caption":"Katedra anglistiky a amerikanistiky"},"image":{"@id":"https:\/\/kaa.ff.ukf.sk\/#\/schema\/logo\/image\/"},"sameAs":["https:\/\/www.facebook.com\/kaaukf\/","https:\/\/www.instagram.com\/kaa_ukf\/"]}]}},"_links":{"self":[{"href":"https:\/\/kaa.ff.ukf.sk\/en\/wp-json\/wp\/v2\/pages\/16119","targetHints":{"allow":["GET"]}}],"collection":[{"href":"https:\/\/kaa.ff.ukf.sk\/en\/wp-json\/wp\/v2\/pages"}],"about":[{"href":"https:\/\/kaa.ff.ukf.sk\/en\/wp-json\/wp\/v2\/types\/page"}],"author":[{"embeddable":true,"href":"https:\/\/kaa.ff.ukf.sk\/en\/wp-json\/wp\/v2\/users\/8"}],"replies":[{"embeddable":true,"href":"https:\/\/kaa.ff.ukf.sk\/en\/wp-json\/wp\/v2\/comments?post=16119"}],"version-history":[{"count":2,"href":"https:\/\/kaa.ff.ukf.sk\/en\/wp-json\/wp\/v2\/pages\/16119\/revisions"}],"predecessor-version":[{"id":16122,"href":"https:\/\/kaa.ff.ukf.sk\/en\/wp-json\/wp\/v2\/pages\/16119\/revisions\/16122"}],"wp:attachment":[{"href":"https:\/\/kaa.ff.ukf.sk\/en\/wp-json\/wp\/v2\/media?parent=16119"}],"curies":[{"name":"wp","href":"https:\/\/api.w.org\/{rel}","templated":true}]}}